{"id":1434,"date":"2018-07-16T07:13:48","date_gmt":"2018-07-16T07:13:48","guid":{"rendered":"http:\/\/hosting112027.a2f2d.netcup.net\/?page_id=1434"},"modified":"2022-02-04T12:05:59","modified_gmt":"2022-02-04T11:05:59","slug":"impressum","status":"publish","type":"page","link":"https:\/\/caseform.de\/en\/impressum\/","title":{"rendered":"Imprint"},"content":{"rendered":"<p><div class=\"fusion-fullwidth fullwidth-box fusion-builder-row-1 nonhundred-percent-fullwidth non-hundred-percent-height-scrolling\" style=\"--awb-border-radius-top-left:0px;--awb-border-radius-top-right:0px;--awb-border-radius-bottom-right:0px;--awb-border-radius-bottom-left:0px;--awb-flex-wrap:wrap;\" ><div class=\"fusion-builder-row fusion-row\"><div class=\"fusion-layout-column fusion_builder_column fusion-builder-column-0 fusion_builder_column_1_1 1_1 fusion-one-full fusion-column-first fusion-column-last\" style=\"--awb-bg-size:cover;\"><div class=\"fusion-column-wrapper fusion-flex-column-wrapper-legacy\"><div class=\"fusion-text fusion-text-1\"><p><strong>nubedian GmbH<\/strong><\/p>\n<p>Maybachstra\u00dfe 10<br \/>\n76227 Karlsruhe<br \/>\nPhone: +49 721 7540 - 3660<\/p>\n<p>Email:\u00a0<a href=\"mailto:info@nubedian.de\">info@nubedian.de<\/a><\/p>\n<p>Internet:\u00a0<a href=\"http:\/\/www.nubedian.de\/\">www.nubedian.de<\/a><\/p>\n<p>Managing Directors: Mathias Schmon, Dr. Bruno Rosales Saurer<\/p>\n<p>Headquarters:<br \/>\nMaybachstra\u00dfe 10<br \/>\n76227 Karlsruhe<br \/>\nIncorporation: District Court Mannheim<br \/>\nRegistration number: HRB 713296<br \/>\nTax ID: DE280651528<\/p>\n<p>Slider Photo: <a href=\"http:\/\/www.freepik.com\">Designed by Freepik<\/a><\/p>\n<p>Hospital and Nursing Home: <a href=\"https:\/\/commons.wikimedia.org\">Wikimedia Commons<\/a><\/p>\n<p>Bild Rollator: <span id=\"attribution\" class=\"photo_usage-attribution is-block\" data-v-e1c1f65a=\"\"><a href=\"https:\/\/www.flickr.com\/photos\/37503027@N06\/14347594414\" target=\"_blank\" rel=\"noopener noreferrer\" data-v-e1c1f65a=\"\">&#8222;Double Rollator&#8220;<\/a> <span data-v-e1c1f65a=\"\"> by <a href=\"https:\/\/www.flickr.com\/photos\/37503027@N06\" target=\"_blank\" rel=\"noopener noreferrer\" data-v-e1c1f65a=\"\">Wolkenkratzer<\/a><\/span>\u00a0 <\/span><\/p>\n<p><strong>Liability for the content<\/strong><\/p>\n<p>The contents of our pages were created with great care. However, we cannot accept any liability for the correctness, completeness and topicality of the provided content. As a service provider, we are responsible for our own content on these pages in accordance with general law in accordance with Section 7 (1) of the German Telemedia Act. According to \u00a7\u00a7 8 to 10 TMG, as a service provider, we are not obliged to monitor transmitted or stored third-party information or to investigate circumstances that indicate illegal activity. Obligations to remove or block the use of information in accordance with general laws remain unaffected. However, liability in this regard is only possible from the point in time at which we become aware of a specific legal violation. As soon as we become aware of such legal violations, we will remove this content immediately.<\/p>\n<p><strong>Liability for the links<\/strong><\/p>\n<p>Our offer contains links to external third-party websites over whose content we have no influence. We therefore cannot accept any liability for this third-party content. The respective provider or operator of the pages is always responsible for the content of the linked pages. The linked pages were checked for possible legal violations at the time they were linked. No illegal content was found at the time the link was created. Permanent monitoring of the content of the linked pages is not reasonable without concrete evidence of a legal violation. If we become aware of legal violations, we will remove such links immediately.<\/p>\n<p><strong>Copyright<\/strong><\/p>\n<p>The content and writings on these pages created by the website operator are subject to German copyright law. The duplication, processing, distribution and any kind of exploitation outside the limits of copyright require the written consent of the respective author or creator. Downloads and copies of this website are only permitted for private, non-commercial use. Insofar as the content on this site was not created by the operator, the copyrights of third parties are observed. In particular contents of third parties are marked as such. Should you nevertheless become aware of a copyright infringement, we would ask you to notify us accordingly. As soon as we become aware of legal violations, we will remove such content immediately.<\/p>\n<\/div><div class=\"fusion-clearfix\"><\/div><\/div><\/div><\/div><\/div><div class=\"fusion-fullwidth fullwidth-box fusion-builder-row-2 nonhundred-percent-fullwidth non-hundred-percent-height-scrolling\" style=\"--awb-border-radius-top-left:0px;--awb-border-radius-top-right:0px;--awb-border-radius-bottom-right:0px;--awb-border-radius-bottom-left:0px;--awb-flex-wrap:wrap;\" ><div class=\"fusion-builder-row fusion-row\"><div class=\"fusion-layout-column fusion_builder_column fusion-builder-column-1 fusion_builder_column_1_1 1_1 fusion-one-full fusion-column-first fusion-column-last\" style=\"--awb-bg-size:cover;\"><div class=\"fusion-column-wrapper fusion-flex-column-wrapper-legacy\"><div class=\"fusion-sep-clear\"><\/div><div class=\"fusion-separator fusion-full-width-sep\" style=\"margin-left: auto;margin-right: auto;margin-top:40px;width:100%;\"><\/div><div class=\"fusion-sep-clear\"><\/div><div class=\"fusion-clearfix\"><\/div><\/div><\/div><\/div><\/div><div class=\"fusion-fullwidth fullwidth-box fusion-builder-row-3 nonhundred-percent-fullwidth non-hundred-percent-height-scrolling fusion-equal-height-columns\" style=\"--awb-background-position:center top;--awb-border-sizes-top:0px;--awb-border-sizes-bottom:0px;--awb-border-sizes-left:0px;--awb-border-sizes-right:0px;--awb-border-radius-top-left:0px;--awb-border-radius-top-right:0px;--awb-border-radius-bottom-right:0px;--awb-border-radius-bottom-left:0px;--awb-padding-top:90px;--awb-padding-bottom:90px;--awb-background-color:#00bdd6;--awb-flex-wrap:wrap;\" ><div class=\"fusion-builder-row fusion-row\"><div class=\"fusion-layout-column fusion_builder_column fusion-builder-column-2 fusion_builder_column_3_5 3_5 fusion-three-fifth fusion-column-first\" style=\"--awb-padding-top:0px;--awb-padding-right:30px;--awb-padding-bottom:0px;--awb-padding-left:30px;--awb-bg-size:cover;--awb-border-color:#ffffff;--awb-border-left:10px;--awb-border-style:solid;--awb-margin-top:15px;--awb-margin-bottom:15px;width:58.4%; margin-right: 4%;\"><div class=\"fusion-column-wrapper fusion-flex-column-wrapper-legacy\"><div class=\"fusion-column-content-centered\"><div class=\"fusion-column-content\"><div class=\"fusion-text fusion-text-2\"><h4 style=\"color: #fff; margin: 0;\"><span style=\"font-size: 190%; line-height: 1;\">Get in touch!<\/span><br \/>\nWe are pleased to help you<span style=\"color: #fff;\">.<\/span><\/h4>\n<\/div><\/div><\/div><div class=\"fusion-clearfix\"><\/div><\/div><\/div><div class=\"fusion-layout-column fusion_builder_column fusion-builder-column-3 fusion_builder_column_1_5 1_5 fusion-one-fifth\" style=\"--awb-bg-size:cover;--awb-margin-top:15px;--awb-margin-bottom:15px;width:16.8%; margin-right: 4%;\"><div class=\"fusion-column-wrapper fusion-flex-column-wrapper-legacy\"><div class=\"fusion-column-content-centered\"><div class=\"fusion-column-content\"><\/div><\/div><div class=\"fusion-clearfix\"><\/div><\/div><\/div><div class=\"fusion-layout-column fusion_builder_column fusion-builder-column-4 fusion_builder_column_1_5 1_5 fusion-one-fifth fusion-column-last\" style=\"--awb-bg-size:cover;--awb-margin-top:15px;--awb-margin-bottom:15px;width:16.8%;\"><div class=\"fusion-column-wrapper fusion-flex-column-wrapper-legacy\"><div class=\"fusion-column-content-centered\"><div class=\"fusion-column-content\"><div class=\"fusion-button-wrapper\"><a class=\"fusion-button button-flat button-xlarge button-custom fusion-button-default button-1 fusion-button-default-span fusion-button-default-type\" style=\"--button_accent_color:#092933;--button_border_color:#092933;--button_accent_hover_color:#ffffff;--button_border_hover_color:#ffffff;--button_gradient_top_color:#ffffff;--button_gradient_bottom_color:#ffffff;--button_gradient_top_color_hover:#f5751e;--button_gradient_bottom_color_hover:#f5751e;\" target=\"_self\" href=\"https:\/\/caseform.de\/Entlassmanagement\/#Kontakt\"><span class=\"fusion-button-text awb-button__text awb-button__text--default\">Contact<\/span><\/a><\/div><\/div><\/div><div class=\"fusion-clearfix\"><\/div><\/div><\/div><\/div><\/div><\/p>","protected":false},"excerpt":{"rendered":"","protected":false},"author":1,"featured_media":0,"parent":0,"menu_order":15,"comment_status":"closed","ping_status":"closed","template":"100-width.php","meta":{"footnotes":""},"class_list":["post-1434","page","type-page","status-publish","hentry"],"yoast_head":"<!-- This site is optimized with the Yoast SEO plugin v26.2 - https:\/\/yoast.com\/wordpress\/plugins\/seo\/ -->\n<title>Impressum - Caseform sichere Patienten\u00fcberleitung<\/title>\n<meta name=\"description\" content=\"Diese Plattform f\u00fcr das digitale Entlassmanagement erm\u00f6glicht es schnell, sicher und einfach passende Nachversorger f\u00fcr Ihre Patienten zu finden.\" \/>\n<meta name=\"robots\" content=\"noindex, follow\" \/>\n<meta property=\"og:locale\" content=\"en_US\" \/>\n<meta property=\"og:type\" content=\"article\" \/>\n<meta property=\"og:title\" content=\"Impressum - Caseform sichere Patienten\u00fcberleitung\" \/>\n<meta property=\"og:description\" content=\"Diese Plattform f\u00fcr das digitale Entlassmanagement erm\u00f6glicht es schnell, sicher und einfach passende Nachversorger f\u00fcr Ihre Patienten zu finden.\" \/>\n<meta property=\"og:url\" content=\"https:\/\/caseform.de\/en\/impressum\/\" \/>\n<meta property=\"og:site_name\" content=\"Caseform\" \/>\n<meta property=\"article:publisher\" content=\"https:\/\/www.facebook.com\/nubedian\" \/>\n<meta property=\"article:modified_time\" content=\"2022-02-04T11:05:59+00:00\" \/>\n<meta name=\"twitter:card\" content=\"summary_large_image\" \/>\n<meta name=\"twitter:label1\" content=\"Est. reading time\" \/>\n\t<meta name=\"twitter:data1\" content=\"7 minutes\" \/>\n<script type=\"application\/ld+json\" class=\"yoast-schema-graph\">{\"@context\":\"https:\/\/schema.org\",\"@graph\":[{\"@type\":\"WebPage\",\"@id\":\"https:\/\/caseform.de\/impressum\/\",\"url\":\"https:\/\/caseform.de\/impressum\/\",\"name\":\"Impressum - Caseform sichere Patienten\u00fcberleitung\",\"isPartOf\":{\"@id\":\"https:\/\/caseform.de\/#website\"},\"datePublished\":\"2018-07-16T07:13:48+00:00\",\"dateModified\":\"2022-02-04T11:05:59+00:00\",\"description\":\"Diese Plattform f\u00fcr das digitale Entlassmanagement erm\u00f6glicht es schnell, sicher und einfach passende Nachversorger f\u00fcr Ihre Patienten zu finden.\",\"breadcrumb\":{\"@id\":\"https:\/\/caseform.de\/impressum\/#breadcrumb\"},\"inLanguage\":\"en-US\",\"potentialAction\":[{\"@type\":\"ReadAction\",\"target\":[\"https:\/\/caseform.de\/impressum\/\"]}]},{\"@type\":\"BreadcrumbList\",\"@id\":\"https:\/\/caseform.de\/impressum\/#breadcrumb\",\"itemListElement\":[{\"@type\":\"ListItem\",\"position\":1,\"name\":\"Home\",\"item\":\"https:\/\/caseform.de\/\"},{\"@type\":\"ListItem\",\"position\":2,\"name\":\"Impressum\"}]},{\"@type\":\"WebSite\",\"@id\":\"https:\/\/caseform.de\/#website\",\"url\":\"https:\/\/caseform.de\/\",\"name\":\"Caseform\",\"description\":\"Entlassmanagementplattform\",\"potentialAction\":[{\"@type\":\"SearchAction\",\"target\":{\"@type\":\"EntryPoint\",\"urlTemplate\":\"https:\/\/caseform.de\/?s={search_term_string}\"},\"query-input\":{\"@type\":\"PropertyValueSpecification\",\"valueRequired\":true,\"valueName\":\"search_term_string\"}}],\"inLanguage\":\"en-US\"}]}<\/script>\n<!-- \/ Yoast SEO plugin. -->","yoast_head_json":{"title":"Impressum - Caseform sichere Patienten\u00fcberleitung","description":"Diese Plattform f\u00fcr das digitale Entlassmanagement erm\u00f6glicht es schnell, sicher und einfach passende Nachversorger f\u00fcr Ihre Patienten zu finden.","robots":{"index":"noindex","follow":"follow"},"og_locale":"en_US","og_type":"article","og_title":"Impressum - Caseform sichere Patienten\u00fcberleitung","og_description":"Diese Plattform f\u00fcr das digitale Entlassmanagement erm\u00f6glicht es schnell, sicher und einfach passende Nachversorger f\u00fcr Ihre Patienten zu finden.","og_url":"https:\/\/caseform.de\/en\/impressum\/","og_site_name":"Caseform","article_publisher":"https:\/\/www.facebook.com\/nubedian","article_modified_time":"2022-02-04T11:05:59+00:00","twitter_card":"summary_large_image","twitter_misc":{"Est. reading time":"7 minutes"},"schema":{"@context":"https:\/\/schema.org","@graph":[{"@type":"WebPage","@id":"https:\/\/caseform.de\/impressum\/","url":"https:\/\/caseform.de\/impressum\/","name":"Impressum - Caseform sichere Patienten\u00fcberleitung","isPartOf":{"@id":"https:\/\/caseform.de\/#website"},"datePublished":"2018-07-16T07:13:48+00:00","dateModified":"2022-02-04T11:05:59+00:00","description":"Diese Plattform f\u00fcr das digitale Entlassmanagement erm\u00f6glicht es schnell, sicher und einfach passende Nachversorger f\u00fcr Ihre Patienten zu finden.","breadcrumb":{"@id":"https:\/\/caseform.de\/impressum\/#breadcrumb"},"inLanguage":"en-US","potentialAction":[{"@type":"ReadAction","target":["https:\/\/caseform.de\/impressum\/"]}]},{"@type":"BreadcrumbList","@id":"https:\/\/caseform.de\/impressum\/#breadcrumb","itemListElement":[{"@type":"ListItem","position":1,"name":"Home","item":"https:\/\/caseform.de\/"},{"@type":"ListItem","position":2,"name":"Impressum"}]},{"@type":"WebSite","@id":"https:\/\/caseform.de\/#website","url":"https:\/\/caseform.de\/","name":"Caseform","description":"Entlassmanagementplattform","potentialAction":[{"@type":"SearchAction","target":{"@type":"EntryPoint","urlTemplate":"https:\/\/caseform.de\/?s={search_term_string}"},"query-input":{"@type":"PropertyValueSpecification","valueRequired":true,"valueName":"search_term_string"}}],"inLanguage":"en-US"}]}},"_links":{"self":[{"href":"https:\/\/caseform.de\/en\/wp-json\/wp\/v2\/pages\/1434","targetHints":{"allow":["GET"]}}],"collection":[{"href":"https:\/\/caseform.de\/en\/wp-json\/wp\/v2\/pages"}],"about":[{"href":"https:\/\/caseform.de\/en\/wp-json\/wp\/v2\/types\/page"}],"author":[{"embeddable":true,"href":"https:\/\/caseform.de\/en\/wp-json\/wp\/v2\/users\/1"}],"replies":[{"embeddable":true,"href":"https:\/\/caseform.de\/en\/wp-json\/wp\/v2\/comments?post=1434"}],"version-history":[{"count":20,"href":"https:\/\/caseform.de\/en\/wp-json\/wp\/v2\/pages\/1434\/revisions"}],"predecessor-version":[{"id":3744,"href":"https:\/\/caseform.de\/en\/wp-json\/wp\/v2\/pages\/1434\/revisions\/3744"}],"wp:attachment":[{"href":"https:\/\/caseform.de\/en\/wp-json\/wp\/v2\/media?parent=1434"}],"curies":[{"name":"wp","href":"https:\/\/api.w.org\/{rel}","templated":true}]}}